{"id":162,"date":"2024-05-08T14:32:11","date_gmt":"2024-05-08T18:32:11","guid":{"rendered":"https:\/\/olp.swlauriersb.qc.ca\/transportation\/"},"modified":"2024-05-28T15:26:11","modified_gmt":"2024-05-28T19:26:11","slug":"transport-scolaire","status":"publish","type":"page","link":"https:\/\/olp.swlauriersb.qc.ca\/fr\/services\/transport-scolaire\/","title":{"rendered":"Transport scolaire"},"content":{"rendered":"\n<p>Les lignes d\u2019autobus sont disponibles sur le portail parent de MOZAIK.&nbsp; Veuillez v\u00e9rifier les informations de transport de votre enfant 24 \u00e0 48 heures avant le premier jour d\u2019\u00e9cole en cas de changement de derni\u00e8re minute.<a href=\"https:\/\/portailparents.ca\/accueil\/en\/\" target=\"_blank\" rel=\"noopener\"><\/a><\/p>\n\n\n\n<p><a href=\"http:\/\/www.swlauriersb.qc.ca\/en\/parents\/mozaik\/\">Disponible ici&nbsp;: instructions pour acc\u00e9der aux lignes de bus sur le Moza\u00efk Portal<\/a><\/p>\n\n\n\n<p>Tous les renseignements concernant le transport se trouvent sur le site Web de la Commission scolaire Sir Wilfrid Laurier \u00e0 l\u2019adresse suivante&nbsp;:<a href=\"https:\/\/www.swlauriersb.qc.ca\/en\/parents\/transportation\/\"> https:\/\/www.swlauriersb.qc.ca\/fr\/parents\/transportation\/<\/a><\/p>\n","protected":false},"excerpt":{"rendered":"<p>Les lignes d\u2019autobus sont disponibles sur le portail parent de MOZAIK.&nbsp; Veuillez v\u00e9rifier les informations de transport de votre enfant 24 \u00e0 48 heures avant le premier jour d\u2019\u00e9cole en cas de changement de derni\u00e8re minute. Disponible ici&nbsp;: instructions pour acc\u00e9der aux lignes de bus sur le Moza\u00efk Portal Tous les renseignements concernant le transport&hellip;<\/p>\n","protected":false},"author":1,"featured_media":0,"parent":165,"menu_order":0,"comment_status":"closed","ping_status":"closed","template":"","meta":{"_acf_changed":false,"_relevanssi_hide_post":"","_relevanssi_hide_content":"","_relevanssi_pin_for_all":"","_relevanssi_pin_keywords":"","_relevanssi_unpin_keywords":"","_relevanssi_related_keywords":"","_relevanssi_related_include_ids":"","_relevanssi_related_exclude_ids":"","_relevanssi_related_no_append":"","_relevanssi_related_not_related":"","_relevanssi_related_posts":"","_relevanssi_noindex_reason":"","footnotes":""},"acf":[],"_links":{"self":[{"href":"https:\/\/olp.swlauriersb.qc.ca\/fr\/wp-json\/wp\/v2\/pages\/162"}],"collection":[{"href":"https:\/\/olp.swlauriersb.qc.ca\/fr\/wp-json\/wp\/v2\/pages"}],"about":[{"href":"https:\/\/olp.swlauriersb.qc.ca\/fr\/wp-json\/wp\/v2\/types\/page"}],"author":[{"embeddable":true,"href":"https:\/\/olp.swlauriersb.qc.ca\/fr\/wp-json\/wp\/v2\/users\/1"}],"replies":[{"embeddable":true,"href":"https:\/\/olp.swlauriersb.qc.ca\/fr\/wp-json\/wp\/v2\/comments?post=162"}],"version-history":[{"count":2,"href":"https:\/\/olp.swlauriersb.qc.ca\/fr\/wp-json\/wp\/v2\/pages\/162\/revisions"}],"predecessor-version":[{"id":471,"href":"https:\/\/olp.swlauriersb.qc.ca\/fr\/wp-json\/wp\/v2\/pages\/162\/revisions\/471"}],"up":[{"embeddable":true,"href":"https:\/\/olp.swlauriersb.qc.ca\/fr\/wp-json\/wp\/v2\/pages\/165"}],"wp:attachment":[{"href":"https:\/\/olp.swlauriersb.qc.ca\/fr\/wp-json\/wp\/v2\/media?parent=162"}],"curies":[{"name":"wp","href":"https:\/\/api.w.org\/{rel}","templated":true}]}}