{"id":164,"date":"2024-05-08T14:31:16","date_gmt":"2024-05-08T18:31:16","guid":{"rendered":"https:\/\/olp.swlauriersb.qc.ca\/day-care-services\/"},"modified":"2024-05-28T15:26:05","modified_gmt":"2024-05-28T19:26:05","slug":"services-de-garde","status":"publish","type":"page","link":"https:\/\/olp.swlauriersb.qc.ca\/fr\/services\/services-de-garde\/","title":{"rendered":"Services de garde"},"content":{"rendered":"\n<p>Le service de garde est disponible pour les \u00e9l\u00e8ves du lundi au vendredi et les journ\u00e9es p\u00e9dagogiques. Les heures du service de garde sont de 7 h \u00e0 7 h 55 et de 14 h 40 \u00e0 18 h.<\/p>\n\n\n\n<p>Pour de plus amples renseignements ou pour inscrire votre enfant, veuillez communiquer avec notre coordonnatrice du service de garde.<\/p>\n\n\n\n<p>Sylvia Arenal au 450&nbsp;680-3031, poste 4<\/p>\n\n\n\n<figure class=\"wp-block-image size-large is-resized\"><img loading=\"lazy\" decoding=\"async\" width=\"1024\" height=\"768\" src=\"http:\/\/olp.swlauriersb.qc.ca\/wp-content\/uploads\/sites\/24\/2024\/05\/OLP_Daycare_Remixyard-1024x768.jpg\" alt=\"\" class=\"wp-image-274\" style=\"width:496px;height:auto\" title=\"\" srcset=\"https:\/\/olp.swlauriersb.qc.ca\/wp-content\/uploads\/sites\/24\/2024\/05\/OLP_Daycare_Remixyard-1024x768.jpg 1024w, https:\/\/olp.swlauriersb.qc.ca\/wp-content\/uploads\/sites\/24\/2024\/05\/OLP_Daycare_Remixyard-300x225.jpg 300w, https:\/\/olp.swlauriersb.qc.ca\/wp-content\/uploads\/sites\/24\/2024\/05\/OLP_Daycare_Remixyard-768x576.jpg 768w, https:\/\/olp.swlauriersb.qc.ca\/wp-content\/uploads\/sites\/24\/2024\/05\/OLP_Daycare_Remixyard.jpg 1280w\" sizes=\"(max-width: 1024px) 100vw, 1024px\" \/><\/figure>\n","protected":false},"excerpt":{"rendered":"<p>Le service de garde est disponible pour les \u00e9l\u00e8ves du lundi au vendredi et les journ\u00e9es p\u00e9dagogiques. Les heures du service de garde sont de 7 h \u00e0 7 h 55 et de 14 h 40 \u00e0 18 h. Pour de plus amples renseignements ou pour inscrire votre enfant, veuillez communiquer avec notre coordonnatrice du&hellip;<\/p>\n","protected":false},"author":1,"featured_media":0,"parent":165,"menu_order":0,"comment_status":"closed","ping_status":"closed","template":"","meta":{"_acf_changed":false,"_relevanssi_hide_post":"","_relevanssi_hide_content":"","_relevanssi_pin_for_all":"","_relevanssi_pin_keywords":"","_relevanssi_unpin_keywords":"","_relevanssi_related_keywords":"","_relevanssi_related_include_ids":"","_relevanssi_related_exclude_ids":"","_relevanssi_related_no_append":"","_relevanssi_related_not_related":"","_relevanssi_related_posts":"","_relevanssi_noindex_reason":"","footnotes":""},"acf":[],"_links":{"self":[{"href":"https:\/\/olp.swlauriersb.qc.ca\/fr\/wp-json\/wp\/v2\/pages\/164"}],"collection":[{"href":"https:\/\/olp.swlauriersb.qc.ca\/fr\/wp-json\/wp\/v2\/pages"}],"about":[{"href":"https:\/\/olp.swlauriersb.qc.ca\/fr\/wp-json\/wp\/v2\/types\/page"}],"author":[{"embeddable":true,"href":"https:\/\/olp.swlauriersb.qc.ca\/fr\/wp-json\/wp\/v2\/users\/1"}],"replies":[{"embeddable":true,"href":"https:\/\/olp.swlauriersb.qc.ca\/fr\/wp-json\/wp\/v2\/comments?post=164"}],"version-history":[{"count":2,"href":"https:\/\/olp.swlauriersb.qc.ca\/fr\/wp-json\/wp\/v2\/pages\/164\/revisions"}],"predecessor-version":[{"id":468,"href":"https:\/\/olp.swlauriersb.qc.ca\/fr\/wp-json\/wp\/v2\/pages\/164\/revisions\/468"}],"up":[{"embeddable":true,"href":"https:\/\/olp.swlauriersb.qc.ca\/fr\/wp-json\/wp\/v2\/pages\/165"}],"wp:attachment":[{"href":"https:\/\/olp.swlauriersb.qc.ca\/fr\/wp-json\/wp\/v2\/media?parent=164"}],"curies":[{"name":"wp","href":"https:\/\/api.w.org\/{rel}","templated":true}]}}