{"id":171,"date":"2024-05-08T14:27:26","date_gmt":"2024-05-08T18:27:26","guid":{"rendered":"https:\/\/olp.swlauriersb.qc.ca\/ppo-home-school\/"},"modified":"2024-05-28T15:22:49","modified_gmt":"2024-05-28T19:22:49","slug":"organisme-de-participation-des-parents","status":"publish","type":"page","link":"https:\/\/olp.swlauriersb.qc.ca\/fr\/informations-pour-les-parents\/organisme-de-participation-des-parents\/","title":{"rendered":"Organisme de participation des parents"},"content":{"rendered":"\n<h2 class=\"wp-block-heading\">OPP 2023-2024<\/h2>\n\n\n\n<p>L\u2019OPP se r\u00e9unit mensuellement, g\u00e9n\u00e9ralement une semaine avant les r\u00e9unions du Conseil d\u2019\u00e9tablissement. Nous sommes toujours \u00e0 la recherche de nouvelles id\u00e9es et de dons\/ commanditaires corporatifs. Pour plus d\u2019informations, rejoignez-nous lors d\u2019une r\u00e9union ou envoyez-nous un courriel!<\/p>\n\n\n\n<p>Contactez-nous \u00e0\u00a0: <a href=\"mailto:ourladyofpeaceppo@gmail.com\">ourladyofpeaceppo@gmail.com<\/a><\/p>\n\n\n\n<h2 class=\"wp-block-heading\">Dates des r\u00e9unions 2023-2024<\/h2>\n\n\n\n<p>Les r\u00e9unions commencent \u00e0 18h30.<\/p>\n\n\n\n<ol>\n<li>27&nbsp;septembre&nbsp;2023<\/li>\n\n\n\n<li>11&nbsp;octobre&nbsp;2023 via zoom<\/li>\n\n\n\n<li>7&nbsp;novembre&nbsp;2023<\/li>\n\n\n\n<li>13&nbsp;d\u00e9cembre&nbsp;2023<\/li>\n\n\n\n<li>17&nbsp;janvier&nbsp;2024<\/li>\n<\/ol>\n","protected":false},"excerpt":{"rendered":"<p>OPP 2023-2024 L\u2019OPP se r\u00e9unit mensuellement, g\u00e9n\u00e9ralement une semaine avant les r\u00e9unions du Conseil d\u2019\u00e9tablissement. Nous sommes toujours \u00e0 la recherche de nouvelles id\u00e9es et de dons\/ commanditaires corporatifs. Pour plus d\u2019informations, rejoignez-nous lors d\u2019une r\u00e9union ou envoyez-nous un courriel! Contactez-nous \u00e0\u00a0: ourladyofpeaceppo@gmail.com Dates des r\u00e9unions 2023-2024 Les r\u00e9unions commencent \u00e0 18h30.<\/p>\n","protected":false},"author":1,"featured_media":0,"parent":174,"menu_order":0,"comment_status":"closed","ping_status":"closed","template":"","meta":{"_acf_changed":false,"_relevanssi_hide_post":"","_relevanssi_hide_content":"","_relevanssi_pin_for_all":"","_relevanssi_pin_keywords":"","_relevanssi_unpin_keywords":"","_relevanssi_related_keywords":"","_relevanssi_related_include_ids":"","_relevanssi_related_exclude_ids":"","_relevanssi_related_no_append":"","_relevanssi_related_not_related":"","_relevanssi_related_posts":"","_relevanssi_noindex_reason":"","footnotes":""},"acf":[],"_links":{"self":[{"href":"https:\/\/olp.swlauriersb.qc.ca\/fr\/wp-json\/wp\/v2\/pages\/171"}],"collection":[{"href":"https:\/\/olp.swlauriersb.qc.ca\/fr\/wp-json\/wp\/v2\/pages"}],"about":[{"href":"https:\/\/olp.swlauriersb.qc.ca\/fr\/wp-json\/wp\/v2\/types\/page"}],"author":[{"embeddable":true,"href":"https:\/\/olp.swlauriersb.qc.ca\/fr\/wp-json\/wp\/v2\/users\/1"}],"replies":[{"embeddable":true,"href":"https:\/\/olp.swlauriersb.qc.ca\/fr\/wp-json\/wp\/v2\/comments?post=171"}],"version-history":[{"count":3,"href":"https:\/\/olp.swlauriersb.qc.ca\/fr\/wp-json\/wp\/v2\/pages\/171\/revisions"}],"predecessor-version":[{"id":460,"href":"https:\/\/olp.swlauriersb.qc.ca\/fr\/wp-json\/wp\/v2\/pages\/171\/revisions\/460"}],"up":[{"embeddable":true,"href":"https:\/\/olp.swlauriersb.qc.ca\/fr\/wp-json\/wp\/v2\/pages\/174"}],"wp:attachment":[{"href":"https:\/\/olp.swlauriersb.qc.ca\/fr\/wp-json\/wp\/v2\/media?parent=171"}],"curies":[{"name":"wp","href":"https:\/\/api.w.org\/{rel}","templated":true}]}}