{"id":172,"date":"2024-05-08T14:27:05","date_gmt":"2024-05-08T18:27:05","guid":{"rendered":"https:\/\/olp.swlauriersb.qc.ca\/parent-resources\/"},"modified":"2024-05-28T15:22:57","modified_gmt":"2024-05-28T19:22:57","slug":"ressources-pour-les-parents","status":"publish","type":"page","link":"https:\/\/olp.swlauriersb.qc.ca\/fr\/informations-pour-les-parents\/ressources-pour-les-parents\/","title":{"rendered":"Ressources pour les parents"},"content":{"rendered":"\n<h2 class=\"wp-block-heading\">Ressources g\u00e9n\u00e9rales<\/h2>\n\n\n\n<p>Dojo de<a href=\"https:\/\/www.classdojo.com\/\" target=\"_blank\" rel=\"noopener\"> classe<\/a><\/p>\n\n\n\n<p><a href=\"https:\/\/web.seesaw.me\/\" target=\"_blank\" rel=\"noopener\">Seesaw<\/a><\/p>\n\n\n\n<p><a href=\"https:\/\/quizizz.com\/?lng=en\" target=\"_blank\" rel=\"noopener\">Quizizz<\/a> \u2013 quiz en ligne gratuit dans toutes les mati\u00e8res<\/p>\n\n\n\n<p><a href=\"https:\/\/get.plickers.com\/\" target=\"_blank\" rel=\"noopener\">Plickers<\/a> \u2013 mener des enqu\u00eates<\/p>\n\n\n\n<p><a href=\"https:\/\/www.safesearchkids.com\/google-kids\/#.XiIBmshKhPY\" target=\"_blank\" rel=\"noopener\">Google pour les enfants<\/a><\/p>\n\n\n\n<p><a href=\"https:\/\/learnquebec.ca\/\" target=\"_blank\" rel=\"noopener\">LEARN Qu\u00e9bec<\/a><\/p>\n\n\n\n<p><a href=\"https:\/\/www.education.gouv.qc.ca\/fileadmin\/site_web\/documents\/education\/jeunes\/pfeq\/PFEQ_competences-transversales-primaire_EN.pdf\" target=\"_blank\" rel=\"noopener\">Programme d\u2019\u00e9ducation du Qu\u00e9bec<\/a> \u2013 Comp\u00e9tences transversales<\/p>\n\n\n\n<h2 class=\"wp-block-heading\">Maternelle 4 et 5 ans<\/h2>\n\n\n\n<p><a href=\"https:\/\/sites.google.com\/swlsb.ca\/prekktransitions\" target=\"_blank\" rel=\"noopener\">Transition Pr\u00e9scolaire et maternelle<\/a><\/p>\n\n\n\n<p><a href=\"https:\/\/www.education.gouv.qc.ca\/fileadmin\/site_web\/documents\/education\/jeunes\/pfeq\/PFEQ_programme-prescolaire-4-ans_2017_EN.pdf\" target=\"_blank\" rel=\"noopener\">Programme d\u2019\u00e9ducation du Qu\u00e9bec<\/a> \u2013 Pr\u00e9scolaire&nbsp;<\/p>\n\n\n\n<p><a href=\"https:\/\/www.education.gouv.qc.ca\/fileadmin\/site_web\/documents\/education\/jeunes\/pfeq\/PFEQ_programme-prescolaire_EN.pdf\" target=\"_blank\" rel=\"noopener\">Programme d\u2019\u00e9ducation du Qu\u00e9bec<\/a> \u2013 Maternelle<\/p>\n\n\n\n<p><a href=\"https:\/\/happynumbers.com\/?redirect=no\" target=\"_blank\" rel=\"noopener\">Happy Numbers<\/a><\/p>\n\n\n\n<p><a href=\"https:\/\/www.headsprout.com\/\" target=\"_blank\" rel=\"noopener\">Headsprout<\/a><\/p>\n\n\n\n<h2 class=\"wp-block-heading\">Anglais<\/h2>\n\n\n\n<p>Programme d\u2019\u00e9ducation du<a href=\"https:\/\/www.education.gouv.qc.ca\/fileadmin\/site_web\/documents\/education\/jeunes\/pfeq\/PFEQ_english-language-arts-primaire_EN.pdf\" target=\"_blank\" rel=\"noopener\"> Qu\u00e9bec<\/a><\/p>\n\n\n\n<p><a href=\"https:\/\/www.education.gouv.qc.ca\/fileadmin\/site_web\/documents\/education\/jeunes\/pfeq\/PDA_PFEQ_English-language-arts-primaire_2009_EN.pdf\" target=\"_blank\" rel=\"noopener\">Progr\u00e8s de l\u2019apprentissage<\/a><\/p>\n\n\n\n<p><a href=\"https:\/\/www.raz-kids.com\/\" target=\"_blank\" rel=\"noopener\">RAZ Kids<\/a><\/p>\n\n\n\n<p><a href=\"https:\/\/action.scholastic.com\/\" target=\"_blank\" rel=\"noopener\">Action Online Magazines<\/a><\/p>\n\n\n\n<p><a href=\"https:\/\/www.spellingcity.com\/\" target=\"_blank\" rel=\"noopener\">Spelling City<\/a><\/p>\n\n\n\n<p><a href=\"https:\/\/newsela.com\/\" target=\"_blank\" rel=\"noopener\">NewsELA<\/a><\/p>\n\n\n\n<p>BookCreator<\/p>\n\n\n\n<p><a href=\"https:\/\/bookwizard.scholastic.com\/\" target=\"_blank\" rel=\"noopener\">Scholastic&nbsp; BookWizard<\/a> \u2013 vous permet de voir le niveau de lecture des livres que les \u00e9l\u00e8ves veulent lire<\/p>\n\n\n\n<h2 class=\"wp-block-heading\">Math\u00e9matiques<\/h2>\n\n\n\n<p>Programme d\u2019\u00e9ducation du<a href=\"https:\/\/www.education.gouv.qc.ca\/fileadmin\/site_web\/documents\/education\/jeunes\/pfeq\/PFEQ_mathematique-primaire_EN.pdf\" target=\"_blank\" rel=\"noopener\"> Qu\u00e9bec<\/a><\/p>\n\n\n\n<p><a href=\"https:\/\/www.education.gouv.qc.ca\/fileadmin\/site_web\/documents\/education\/jeunes\/pfeq\/PDA_PFEQ_mathematique-primaire_2009_EN.pdf\" target=\"_blank\" rel=\"noopener\">Progr\u00e8s de l\u2019apprentissage<\/a><\/p>\n\n\n\n<p>Math Case base<\/p>\n\n\n\n<p><a href=\"https:\/\/www.prodigygame.com\/main-en\/prodigy\/\" target=\"_blank\" rel=\"noopener\">Prodigy<\/a> \u2013 Comp\u00e9tences en math\u00e9matiques et r\u00e9solution de comp\u00e9tences<\/p>\n\n\n\n<h2 class=\"wp-block-heading\">Fran\u00e7ais langue seconde<\/h2>\n\n\n\n<p>Programme d\u2019\u00e9ducation<a href=\"https:\/\/www.education.gouv.qc.ca\/fileadmin\/site_web\/documents\/education\/jeunes\/pfeq\/PFEQ_francais-langue-seconde-base-primaire.pdf\" target=\"_blank\" rel=\"noopener\"> du Qu\u00e9bec<\/a><\/p>\n\n\n\n<p><a href=\"https:\/\/www.education.gouv.qc.ca\/fileadmin\/site_web\/documents\/education\/jeunes\/pfeq\/CE_PFEQ_francais-langue-seconde-base_2011-primaire.pdf\" target=\"_blank\" rel=\"noopener\">Progr\u00e8s de l\u2019apprentissage<\/a><\/p>\n\n\n\n<p><a href=\"https:\/\/mon-oryx.com\/\" target=\"_blank\" rel=\"noopener\">Mon Onyx<\/a><\/p>\n\n\n\n<h2 class=\"wp-block-heading\">Science<\/h2>\n\n\n\n<p>Program<a href=\"https:\/\/www.education.gouv.qc.ca\/fileadmin\/site_web\/documents\/education\/jeunes\/pfeq\/PFEQ_science-technologie-primaire_EN.pdf\" target=\"_blank\" rel=\"noopener\">me d\u2019\u00e9ducation du Qu\u00e9bec<\/a><\/p>\n\n\n\n<p><a href=\"https:\/\/www.education.gouv.qc.ca\/fileadmin\/site_web\/documents\/education\/jeunes\/pfeq\/PDA_PFEQ_science-technologie-primaire_2009_EN.pdf\" target=\"_blank\" rel=\"noopener\">Progr\u00e8s de l\u2019apprentissage<\/a><\/p>\n\n\n\n<p><a href=\"https:\/\/phet.colorado.edu\/\" target=\"_blank\" rel=\"noopener\">PhEt<\/a> \u2013 science simulations<\/p>\n\n\n\n<p><a href=\"https:\/\/scratch.mit.edu\/\" target=\"_blank\" rel=\"noopener\">Scratch<\/a> \u2013 codage<\/p>\n\n\n\n<p><a href=\"https:\/\/www.tinkercad.com\/\" target=\"_blank\" rel=\"noopener\">ThinkerCAD<\/a> \u2013 Conception assist\u00e9e par ordinateur 3D pour enfants<\/p>\n\n\n\n<h2 class=\"wp-block-heading\">Sciences sociales<\/h2>\n\n\n\n<p>Programme d\u2019\u00e9ducation du<a href=\"https:\/\/www.education.gouv.qc.ca\/fileadmin\/site_web\/documents\/education\/jeunes\/pfeq\/PFEQ_univers-social_EN.pdf\" target=\"_blank\" rel=\"noopener\"> Qu\u00e9bec<\/a><\/p>\n\n\n\n<p><a href=\"https:\/\/www.education.gouv.qc.ca\/fileadmin\/site_web\/documents\/education\/jeunes\/pfeq\/PDA_PFEQ_univers-social_2009_EN.pdf\" target=\"_blank\" rel=\"noopener\">Progr\u00e8s de l\u2019apprentissage<\/a><\/p>\n\n\n\n<h2 class=\"wp-block-heading\">Musique<\/h2>\n\n\n\n<p>Program<a href=\"https:\/\/www.education.gouv.qc.ca\/fileadmin\/site_web\/documents\/education\/jeunes\/pfeq\/PFEQ_musique-primaire_EN.pdf\" target=\"_blank\" rel=\"noopener\">me d\u2019\u00e9ducation du Qu\u00e9bec<\/a><\/p>\n\n\n\n<p><a href=\"https:\/\/www.education.gouv.qc.ca\/fileadmin\/site_web\/documents\/education\/jeunes\/pfeq\/PDA_PFEQ_musique-primaire_2009_EN.pdf\" target=\"_blank\" rel=\"noopener\">Progr\u00e8s de l\u2019apprentissage<\/a><\/p>\n\n\n\n<h2 class=\"wp-block-heading\">Drame \u2013 1<sup>er<\/sup> et 3<sup>e<\/sup> Cycles<\/h2>\n\n\n\n<p>Programme d\u2019\u00e9ducation du<a href=\"https:\/\/www.education.gouv.qc.ca\/fileadmin\/site_web\/documents\/education\/jeunes\/pfeq\/PFEQ_art-dramatique-primaire_EN.pdf\" target=\"_blank\" rel=\"noopener\"> Qu\u00e9bec<\/a><\/p>\n\n\n\n<p><a href=\"https:\/\/www.education.gouv.qc.ca\/fileadmin\/site_web\/documents\/education\/jeunes\/pfeq\/PDA_PFEQ_art-dramatique-primaire_2009_EN.pdf\" target=\"_blank\" rel=\"noopener\">Progr\u00e8s de l\u2019apprentissage<\/a><\/p>\n\n\n\n<h2 class=\"wp-block-heading\">Arts visuels \u2013 2<sup>e<\/sup> Cycle seulement<\/h2>\n\n\n\n<p>Programme d\u2019\u00e9ducation du<a href=\"https:\/\/www.education.gouv.qc.ca\/fileadmin\/site_web\/documents\/education\/jeunes\/pfeq\/PFEQ_arts-plastiques-primaire_EN.pdf\" target=\"_blank\" rel=\"noopener\"> Qu\u00e9bec<\/a><\/p>\n\n\n\n<p><a href=\"https:\/\/www.education.gouv.qc.ca\/fileadmin\/site_web\/documents\/education\/jeunes\/pfeq\/PDA_PFEQ_arts-plastiques-primaire_2009_EN.pdf\" target=\"_blank\" rel=\"noopener\">Progr\u00e8s de l\u2019apprentissage<\/a><\/p>\n\n\n\n<h2 class=\"wp-block-heading\">\u00c9ducation Physique<\/h2>\n\n\n\n<p>Programme d\u2019\u00e9ducation du<a href=\"https:\/\/www.education.gouv.qc.ca\/fileadmin\/site_web\/documents\/education\/jeunes\/pfeq\/PFEQ_education-physique-primaire_EN.pdf\" target=\"_blank\" rel=\"noopener\"> Qu\u00e9bec<\/a><\/p>\n\n\n\n<p><a href=\"https:\/\/www.education.gouv.qc.ca\/fileadmin\/site_web\/documents\/education\/jeunes\/pfeq\/PDA_PFEQ_education-physique-primaire_2009_EN.pdf\" target=\"_blank\" rel=\"noopener\">Progr\u00e8s de l\u2019apprentissage<\/a><\/p>\n\n\n\n<h2 class=\"wp-block-heading\">\u00c9thique et culture religieuse<\/h2>\n\n\n\n<p>Programme d\u2019\u00e9ducation du<a href=\"https:\/\/www.education.gouv.qc.ca\/fileadmin\/site_web\/documents\/education\/jeunes\/pfeq\/PFEQ_ethique-culture-religieuse-primaire_2008_EN.pdf\" target=\"_blank\" rel=\"noopener\"> Qu\u00e9bec<\/a><\/p>\n\n\n\n<p><a href=\"https:\/\/www.education.gouv.qc.ca\/fileadmin\/site_web\/documents\/education\/jeunes\/pfeq\/PDA_PFEQ_ethique-culture-religieuse-primaire_2010_EN.pdf\" target=\"_blank\" rel=\"noopener\">Progr\u00e8s de l\u2019apprentissage<\/a><\/p>\n","protected":false},"excerpt":{"rendered":"<p>Ressources g\u00e9n\u00e9rales Dojo de classe Seesaw Quizizz \u2013 quiz en ligne gratuit dans toutes les mati\u00e8res Plickers \u2013 mener des enqu\u00eates Google pour les enfants LEARN Qu\u00e9bec Programme d\u2019\u00e9ducation du Qu\u00e9bec \u2013 Comp\u00e9tences transversales Maternelle 4 et 5 ans Transition Pr\u00e9scolaire et maternelle Programme d\u2019\u00e9ducation du Qu\u00e9bec \u2013 Pr\u00e9scolaire&nbsp; Programme d\u2019\u00e9ducation du Qu\u00e9bec \u2013 Maternelle&hellip;<\/p>\n","protected":false},"author":1,"featured_media":0,"parent":174,"menu_order":0,"comment_status":"closed","ping_status":"closed","template":"","meta":{"_acf_changed":false,"_relevanssi_hide_post":"","_relevanssi_hide_content":"","_relevanssi_pin_for_all":"","_relevanssi_pin_keywords":"","_relevanssi_unpin_keywords":"","_relevanssi_related_keywords":"","_relevanssi_related_include_ids":"","_relevanssi_related_exclude_ids":"","_relevanssi_related_no_append":"","_relevanssi_related_not_related":"","_relevanssi_related_posts":"","_relevanssi_noindex_reason":"","footnotes":""},"acf":[],"_links":{"self":[{"href":"https:\/\/olp.swlauriersb.qc.ca\/fr\/wp-json\/wp\/v2\/pages\/172"}],"collection":[{"href":"https:\/\/olp.swlauriersb.qc.ca\/fr\/wp-json\/wp\/v2\/pages"}],"about":[{"href":"https:\/\/olp.swlauriersb.qc.ca\/fr\/wp-json\/wp\/v2\/types\/page"}],"author":[{"embeddable":true,"href":"https:\/\/olp.swlauriersb.qc.ca\/fr\/wp-json\/wp\/v2\/users\/1"}],"replies":[{"embeddable":true,"href":"https:\/\/olp.swlauriersb.qc.ca\/fr\/wp-json\/wp\/v2\/comments?post=172"}],"version-history":[{"count":2,"href":"https:\/\/olp.swlauriersb.qc.ca\/fr\/wp-json\/wp\/v2\/pages\/172\/revisions"}],"predecessor-version":[{"id":461,"href":"https:\/\/olp.swlauriersb.qc.ca\/fr\/wp-json\/wp\/v2\/pages\/172\/revisions\/461"}],"up":[{"embeddable":true,"href":"https:\/\/olp.swlauriersb.qc.ca\/fr\/wp-json\/wp\/v2\/pages\/174"}],"wp:attachment":[{"href":"https:\/\/olp.swlauriersb.qc.ca\/fr\/wp-json\/wp\/v2\/media?parent=172"}],"curies":[{"name":"wp","href":"https:\/\/api.w.org\/{rel}","templated":true}]}}