{"id":175,"date":"2024-05-08T14:26:06","date_gmt":"2024-05-08T18:26:06","guid":{"rendered":"https:\/\/olp.swlauriersb.qc.ca\/registration\/"},"modified":"2024-05-28T15:23:10","modified_gmt":"2024-05-28T19:23:10","slug":"inscription","status":"publish","type":"page","link":"https:\/\/olp.swlauriersb.qc.ca\/fr\/notre-ecole-a-propos\/inscription\/","title":{"rendered":"Inscription"},"content":{"rendered":"\n<p>Les inscriptions ont lieu vers la fin janvier et doit \u00eatre faite via le portail Mozaik. Pour les parents de nouveaux \u00e9l\u00e8ves, veuillez contacter le secr\u00e9tariat de l\u2019\u00e9cole pour un rendez-vous.&nbsp;<\/p>\n\n\n\n<p>Pour les \u00e9l\u00e8ves d\u2019\u00e2ge pr\u00e9scolaire, l\u2019inscription a lieu au mois de f\u00e9vrier sur rendez-vous.<\/p>\n","protected":false},"excerpt":{"rendered":"<p>Les inscriptions ont lieu vers la fin janvier et doit \u00eatre faite via le portail Mozaik. Pour les parents de nouveaux \u00e9l\u00e8ves, veuillez contacter le secr\u00e9tariat de l\u2019\u00e9cole pour un rendez-vous.&nbsp; Pour les \u00e9l\u00e8ves d\u2019\u00e2ge pr\u00e9scolaire, l\u2019inscription a lieu au mois de f\u00e9vrier sur rendez-vous.<\/p>\n","protected":false},"author":1,"featured_media":0,"parent":178,"menu_order":0,"comment_status":"closed","ping_status":"closed","template":"","meta":{"_acf_changed":false,"_relevanssi_hide_post":"","_relevanssi_hide_content":"","_relevanssi_pin_for_all":"","_relevanssi_pin_keywords":"","_relevanssi_unpin_keywords":"","_relevanssi_related_keywords":"","_relevanssi_related_include_ids":"","_relevanssi_related_exclude_ids":"","_relevanssi_related_no_append":"","_relevanssi_related_not_related":"","_relevanssi_related_posts":"","_relevanssi_noindex_reason":"","footnotes":""},"acf":[],"_links":{"self":[{"href":"https:\/\/olp.swlauriersb.qc.ca\/fr\/wp-json\/wp\/v2\/pages\/175"}],"collection":[{"href":"https:\/\/olp.swlauriersb.qc.ca\/fr\/wp-json\/wp\/v2\/pages"}],"about":[{"href":"https:\/\/olp.swlauriersb.qc.ca\/fr\/wp-json\/wp\/v2\/types\/page"}],"author":[{"embeddable":true,"href":"https:\/\/olp.swlauriersb.qc.ca\/fr\/wp-json\/wp\/v2\/users\/1"}],"replies":[{"embeddable":true,"href":"https:\/\/olp.swlauriersb.qc.ca\/fr\/wp-json\/wp\/v2\/comments?post=175"}],"version-history":[{"count":2,"href":"https:\/\/olp.swlauriersb.qc.ca\/fr\/wp-json\/wp\/v2\/pages\/175\/revisions"}],"predecessor-version":[{"id":446,"href":"https:\/\/olp.swlauriersb.qc.ca\/fr\/wp-json\/wp\/v2\/pages\/175\/revisions\/446"}],"up":[{"embeddable":true,"href":"https:\/\/olp.swlauriersb.qc.ca\/fr\/wp-json\/wp\/v2\/pages\/178"}],"wp:attachment":[{"href":"https:\/\/olp.swlauriersb.qc.ca\/fr\/wp-json\/wp\/v2\/media?parent=175"}],"curies":[{"name":"wp","href":"https:\/\/api.w.org\/{rel}","templated":true}]}}