{"id":178,"date":"2024-05-08T14:20:59","date_gmt":"2024-05-08T18:20:59","guid":{"rendered":"https:\/\/olp.swlauriersb.qc.ca\/our-school-about-us\/"},"modified":"2024-05-28T15:23:04","modified_gmt":"2024-05-28T19:23:04","slug":"notre-ecole-a-propos","status":"publish","type":"page","link":"https:\/\/olp.swlauriersb.qc.ca\/fr\/notre-ecole-a-propos\/","title":{"rendered":"Notre \u00e9cole \/ \u00e0 propos"},"content":{"rendered":"\n<p>L\u2019\u00e9cole primaire Our-Lady-of-Peace est heureuse d\u2019annoncer que nous sommes une \u00e9cole STEAM avec un accent sur la robotique, la technologie et le codage. STEAM est une approche interdisciplinaire de l\u2019enseignement et de l\u2019apprentissage qui int\u00e8gre la science, la technologie, l\u2019ing\u00e9nierie, les arts et les math\u00e9matiques. Gr\u00e2ce \u00e0 cette approche de l\u2019\u00e9ducation, les \u00e9l\u00e8ves sont mieux en mesure d\u2019appr\u00e9cier comment chaque partie est n\u00e9cessaire pour la r\u00e9ussite de tout projet complexe et r\u00e9el.<\/p>\n\n\n\n<h2 class=\"wp-block-heading\">Sciences, technologie, ing\u00e9nierie, arts et math\u00e9matiques (STEAM)<\/h2>\n\n\n\n<p>STEAM est une approche \u00e9ducative de l\u2019apprentissage qui utilise les sciences, la technologie, l\u2019ing\u00e9nierie, les arts et les math\u00e9matiques comme points d\u2019acc\u00e8s pour guider la recherche, le dialogue et la pens\u00e9e critique des \u00e9l\u00e8ves. Il en r\u00e9sulte des \u00e9l\u00e8ves qui prennent des risques r\u00e9fl\u00e9chis, s\u2019engagent dans l\u2019apprentissage par l\u2019exp\u00e9rience, persistent dans la r\u00e9solution de probl\u00e8mes, adoptent la collaboration et travaillent dans le processus d\u2019ing\u00e9nierie.<\/p>\n\n\n\n<h2 class=\"wp-block-heading\">Int\u00e9grer la technologie et le codage dans la salle de classe<\/h2>\n","protected":false},"excerpt":{"rendered":"<p>L\u2019\u00e9cole primaire Our-Lady-of-Peace est heureuse d\u2019annoncer que nous sommes une \u00e9cole STEAM avec un accent sur la robotique, la technologie et le codage. STEAM est une approche interdisciplinaire de l\u2019enseignement et de l\u2019apprentissage qui int\u00e8gre la science, la technologie, l\u2019ing\u00e9nierie, les arts et les math\u00e9matiques. Gr\u00e2ce \u00e0 cette approche de l\u2019\u00e9ducation, les \u00e9l\u00e8ves sont mieux&hellip;<\/p>\n","protected":false},"author":1,"featured_media":0,"parent":0,"menu_order":0,"comment_status":"closed","ping_status":"closed","template":"","meta":{"_acf_changed":false,"_relevanssi_hide_post":"","_relevanssi_hide_content":"","_relevanssi_pin_for_all":"","_relevanssi_pin_keywords":"","_relevanssi_unpin_keywords":"","_relevanssi_related_keywords":"","_relevanssi_related_include_ids":"","_relevanssi_related_exclude_ids":"","_relevanssi_related_no_append":"","_relevanssi_related_not_related":"","_relevanssi_related_posts":"","_relevanssi_noindex_reason":"","footnotes":""},"acf":[],"_links":{"self":[{"href":"https:\/\/olp.swlauriersb.qc.ca\/fr\/wp-json\/wp\/v2\/pages\/178"}],"collection":[{"href":"https:\/\/olp.swlauriersb.qc.ca\/fr\/wp-json\/wp\/v2\/pages"}],"about":[{"href":"https:\/\/olp.swlauriersb.qc.ca\/fr\/wp-json\/wp\/v2\/types\/page"}],"author":[{"embeddable":true,"href":"https:\/\/olp.swlauriersb.qc.ca\/fr\/wp-json\/wp\/v2\/users\/1"}],"replies":[{"embeddable":true,"href":"https:\/\/olp.swlauriersb.qc.ca\/fr\/wp-json\/wp\/v2\/comments?post=178"}],"version-history":[{"count":2,"href":"https:\/\/olp.swlauriersb.qc.ca\/fr\/wp-json\/wp\/v2\/pages\/178\/revisions"}],"predecessor-version":[{"id":440,"href":"https:\/\/olp.swlauriersb.qc.ca\/fr\/wp-json\/wp\/v2\/pages\/178\/revisions\/440"}],"wp:attachment":[{"href":"https:\/\/olp.swlauriersb.qc.ca\/fr\/wp-json\/wp\/v2\/media?parent=178"}],"curies":[{"name":"wp","href":"https:\/\/api.w.org\/{rel}","templated":true}]}}